{"id":389,"date":"2024-07-02T17:13:09","date_gmt":"2024-07-02T17:13:09","guid":{"rendered":"https:\/\/drjorgecossio.mx\/home\/index.php\/home\/"},"modified":"2026-05-04T18:58:54","modified_gmt":"2026-05-04T18:58:54","slug":"home","status":"publish","type":"page","link":"https:\/\/drjorgecossio.mx\/home\/","title":{"rendered":"Home"},"content":{"rendered":"\n<div class=\"wp-block-uagb-container uagb-block-d9a7b1dc alignfull uagb-is-root-container\"><div class=\"uagb-container-inner-blocks-wrap\">\n<div class=\"wp-block-uagb-container uagb-block-725cbfcc\">\n<div class=\"wp-block-uagb-advanced-heading uagb-block-7ba5e61b\"><h2 class=\"uagb-heading-text\">Perm\u00edtame ayudarle a tratar su enfermedad de una manera humana y profesional.\u200b<\/h2><\/div>\n\n\n\n<div class=\"wp-block-uagb-buttons uagb-buttons__outer-wrap uagb-btn__default-btn uagb-btn-tablet__default-btn uagb-btn-mobile__default-btn uagb-block-1762e2c3\"><div class=\"uagb-buttons__wrap uagb-buttons-layout-wrap \">\n<div class=\"wp-block-uagb-buttons-child uagb-buttons__outer-wrap uagb-block-6711c8e0 wp-block-button\"><div class=\"uagb-button__wrapper\"><a class=\"uagb-buttons-repeater wp-block-button__link\" aria-label=\"\" href=\"#\" rel=\"follow noopener\" target=\"_self\" role=\"button\"><div class=\"uagb-button__link\">Start Now<\/div><\/a><\/div><\/div>\n\n\n\n<div class=\"wp-block-uagb-buttons-child uagb-buttons__outer-wrap uagb-block-ac5b9082 wp-block-button\"><div class=\"uagb-button__wrapper\"><a class=\"uagb-buttons-repeater wp-block-button__link\" aria-label=\"\" href=\"#\" rel=\"follow noopener\" target=\"_self\" role=\"button\"><div class=\"uagb-button__link\">Read More<\/div><\/a><\/div><\/div>\n<\/div><\/div>\n<\/div>\n<\/div><\/div>\n\n\n\n<div class=\"wp-block-uagb-container uagb-block-2f0b68c9 alignfull uagb-is-root-container\"><div class=\"uagb-container-inner-blocks-wrap\">\n<div class=\"wp-block-uagb-advanced-heading uagb-block-cafd9d1a\"><h3 class=\"uagb-heading-text\">As Featured In:\u200b<\/h3><\/div>\n\n\n\n<div class=\"wp-block-uagb-container uagb-block-03dc18da\">\n<div class=\"wp-block-uagb-separator uagb-block-095ad271\"><div class=\"wp-block-uagb-separator__inner\" style=\"--my-background-image:\"><\/div><\/div>\n<\/div>\n<\/div><\/div>\n\n\n\n<div class=\"wp-block-uagb-container uagb-block-835b0a64 alignfull uagb-is-root-container\"><div class=\"uagb-container-inner-blocks-wrap\">\n<div class=\"wp-block-uagb-container uagb-block-2ba8eb0f\">\n<div class=\"wp-block-uagb-slider uagb-block-b0005ac2 uagb-slider-container\"><div class=\"uagb-slides uagb-swiper\"><div class=\"swiper-wrapper\">\n<div class=\"wp-block-uagb-slider-child uagb-slider-child-wrap swiper-slide uagb-block-2ca64f2c\"><div class=\"swiper-content\">\n<div class=\"wp-block-uagb-container uagb-block-b81200ff\">\n<div class=\"wp-block-uagb-info-box uagb-block-64b76a70 uagb-infobox__content-wrap  uagb-infobox-icon-above-title uagb-infobox-image-valign-top\"><div class=\"uagb-ifb-content\"><div class=\"uagb-ifb-image-content\"><img decoding=\"async\" src=\"https:\/\/drjorgecossio.mx\/home\/wp-content\/uploads\/2026\/04\/N1-300x244.jpg\" alt=\"\" width=\"\" height=\"0\" loading=\"lazy\"\/><\/div><div class=\"uagb-ifb-title-wrap\"><h3 class=\"uagb-ifb-title\">\u00bfSabias que?<\/h3><\/div><p class=\"uagb-ifb-desc\">\u00bfTu reloj inteligente puede cuidar de tu coraz\u00f3n?<br>Hoy, estos dispositivos no solo cuentan pasos. Pueden detectar fibrilaci\u00f3n auricular, una arritmia muy frecuente que, si no se trata a tiempo, puede causar embolias sistemicas -cerebrales.<\/p><div class=\"uagb-ifb-button-wrapper wp-block-button\"><a href=\"https:\/\/www.facebook.com\/share\/p\/17sQKSDgYf\/\" class=\"uagb-infobox-cta-link wp-block-button__link\" target=\"_blank\" rel=\"noopener noreferrer\" onclick=\"return true;\"><span class=\"uagb-inline-editing\">Leer Mas<\/span><\/a><\/div><\/div><\/div>\n<\/div>\n<\/div><\/div>\n\n\n\n<div class=\"wp-block-uagb-slider-child uagb-slider-child-wrap swiper-slide uagb-block-d884d036\"><div class=\"swiper-content\">\n<div class=\"wp-block-uagb-container uagb-block-804591a5\">\n<div class=\"wp-block-uagb-info-box uagb-block-6c4be7f4 uagb-infobox__content-wrap  uagb-infobox-icon-above-title uagb-infobox-image-valign-top\"><div class=\"uagb-ifb-content\"><div class=\"uagb-ifb-image-content\"><img decoding=\"async\" src=\"https:\/\/drjorgecossio.mx\/home\/wp-content\/uploads\/2026\/04\/N2-300x223.png\" alt=\"\" width=\"\" height=\"0\" loading=\"lazy\"\/><\/div><div class=\"uagb-ifb-title-wrap\"><h3 class=\"uagb-ifb-title\"><strong>\u201cEl pulso, el latido del coraz\u00f3n\u201d<\/strong><\/h3><\/div><p class=\"uagb-ifb-desc\">Sentir el pulso es una forma sencilla y poderosa de saber c\u00f3mo est\u00e1 trabajando el coraz\u00f3n. Con solo dos dedos sobre una arteria, cualquier persona o profesional de la salud puede obtener informaci\u00f3n clave.<\/p><div class=\"uagb-ifb-button-wrapper wp-block-button\"><a href=\"https:\/\/www.facebook.com\/share\/p\/1K7qdkHRhE\/?mibextid=wwXIfr\" class=\"uagb-infobox-cta-link wp-block-button__link\" target=\"_self\" rel=\"noopener noreferrer\" onclick=\"return true;\"><span class=\"uagb-inline-editing\">Leer Mas<\/span><\/a><\/div><\/div><\/div>\n<\/div>\n<\/div><\/div>\n\n\n\n<div class=\"wp-block-uagb-slider-child uagb-slider-child-wrap swiper-slide uagb-block-c7ea779b\"><div class=\"swiper-content\">\n<div class=\"wp-block-uagb-container uagb-block-da9f7b95\">\n<div class=\"wp-block-uagb-info-box uagb-block-fa845949 uagb-infobox__content-wrap  uagb-infobox-icon-above-title uagb-infobox-image-valign-top\"><div class=\"uagb-ifb-content\"><div class=\"uagb-ifb-image-content\"><img decoding=\"async\" src=\"https:\/\/drjorgecossio.mx\/home\/wp-content\/uploads\/2026\/02\/pub3-225x300.png\" alt=\"\" width=\"\" height=\"0\" loading=\"lazy\"\/><\/div><div class=\"uagb-ifb-title-wrap\"><h3 class=\"uagb-ifb-title\"><strong>\u00bfHas escuchado del *Efecto Placebo*?<\/strong><\/h3><\/div><p class=\"uagb-ifb-desc\">Durante la Segunda Guerra Mundial, el anestesi\u00f3logo Henry K. Beecher, sin morfina disponible, us\u00f3 inyecciones sin medicamento Los soldados, creyendo que era morfina, sent\u00edan alivio real del dolor As\u00ed naci\u00f3 el concepto moderno del efecto placebo.<\/p><div class=\"uagb-ifb-button-wrapper wp-block-button\"><a href=\"https:\/\/www.facebook.com\/share\/v\/1BM8HopqAP\/\" class=\"uagb-infobox-cta-link wp-block-button__link\" target=\"_blank\" rel=\"noopener noreferrer\" onclick=\"return true;\"><span class=\"uagb-inline-editing\">Leer mas<\/span><\/a><\/div><\/div><\/div>\n<\/div>\n<\/div><\/div>\n\n\n\n<div class=\"wp-block-uagb-slider-child uagb-slider-child-wrap swiper-slide uagb-block-78a37038\"><div class=\"swiper-content\">\n<div class=\"wp-block-uagb-container uagb-block-9187a949\">\n<div class=\"wp-block-uagb-info-box uagb-block-398f1cd1 uagb-infobox__content-wrap  uagb-infobox-icon-above-title uagb-infobox-image-valign-top\"><div class=\"uagb-ifb-content\"><div class=\"uagb-ifb-image-content\"><img decoding=\"async\" src=\"https:\/\/drjorgecossio.mx\/home\/wp-content\/uploads\/2026\/02\/pub4-300x225.png\" alt=\"\" width=\"\" height=\"0\" loading=\"lazy\"\/><\/div><div class=\"uagb-ifb-title-wrap\"><h3 class=\"uagb-ifb-title\"><strong>Unas por otras, \u00abprevenir para vivir bien\u00bb.<\/strong><\/h3><\/div><p class=\"uagb-ifb-desc\">El fr\u00edo puede aumentar el riesgo de infarto, y el peligro no siempre aparece de inmediato. Estudios muestran que los infartos pueden aumentar entre 2 y 6 d\u00edas despu\u00e9s de una ola de fr\u00edo.<\/p><div class=\"uagb-ifb-button-wrapper wp-block-button\"><a href=\"https:\/\/www.facebook.com\/share\/p\/1EBerFutk7\/\" class=\"uagb-infobox-cta-link wp-block-button__link\" target=\"_blank\" rel=\"noopener noreferrer\" onclick=\"return true;\"><span class=\"uagb-inline-editing\">Leer mas<\/span><\/a><\/div><\/div><\/div>\n<\/div>\n<\/div><\/div>\n<\/div><\/div><div class=\"swiper-pagination\"><\/div><div class=\"swiper-button-prev\"><\/div><div class=\"swiper-button-next\"><\/div><\/div>\n<\/div>\n\n\n\n<div class=\"wp-block-uagb-container uagb-block-875a17eb\">\n<div class=\"wp-block-uagb-container uagb-block-03b59fae\">\n<div class=\"wp-block-uagb-info-box uagb-block-81837cc0 uagb-infobox__content-wrap  uagb-infobox-icon-above-title uagb-infobox-image-valign-top\"><div class=\"uagb-ifb-content\"><div class=\"uagb-ifb-title-wrap\"><h2 class=\"uagb-ifb-title\">Necesita Asesor\u00eda?\u200b<\/h2><\/div><p class=\"uagb-ifb-desc\">Si tiene dudas sobre su salud cardiovascular o desea agendar una cita, no dude en ponerse en contacto con nosotros.<br>El Dr. Jorge Eduardo Coss\u00edo Aranda cardi\u00f3logo con alta especialidad en el Hospital \u00c1ngeles del Pedregal y su equipo estar\u00e1n encantados de atenderle.<br>\ud83d\udcde Tel\u00e9fonos del consultorio:<br><strong>55 5568 5090<\/strong> \/ <strong>55 5568 3803<\/strong><br>\ud83d\udce7 Correo electr\u00f3nico:<br><a>recepcossio@yahoo.es<\/a><br>\ud83d\udd52 Horario de atenci\u00f3n:<br>De 9:00 am a 8:00 pm de Lunes a Viernes<\/p><\/div><\/div>\n<\/div>\n\n\n\n<div class=\"wp-block-uagb-container uagb-block-b493c121\">\n<div class=\"wp-block-uagb-image aligncenter uagb-block-041e8a2a wp-block-uagb-image--layout-default wp-block-uagb-image--effect-static wp-block-uagb-image--align-center\"><figure class=\"wp-block-uagb-image__figure\"><img decoding=\"async\" srcset=\"https:\/\/drjorgecossio.mx\/home\/wp-content\/uploads\/2018\/02\/icon-03-free-img.png \" sizes=\"auto, (max-width: 480px) 150px\" src=\"https:\/\/drjorgecossio.mx\/home\/wp-content\/uploads\/2018\/02\/icon-03-free-img.png\" alt=\"Icon image\" class=\"uag-image-69\" width=\"165\" height=\"225\" title=\"\" loading=\"lazy\" role=\"img\"\/><\/figure><\/div>\n<\/div>\n\n\n\n<div class=\"wp-block-uagb-container uagb-block-d1b99cd8\">\n<div class=\"wp-block-uagb-info-box uagb-block-499757df uagb-infobox__content-wrap  uagb-infobox-icon-above-title uagb-infobox-image-valign-top\"><div class=\"uagb-ifb-content\"><div class=\"uagb-ifb-title-wrap\"><h3 class=\"uagb-ifb-title\">Mis Libros<\/h3><\/div><p class=\"uagb-ifb-desc\">A lo largo de mi carrera, he colaborado con diversos autores, amigos y colegas para escribir libros sobre los temas m\u00e1s importantes en cardiolog\u00eda. Estos libros est\u00e1n dise\u00f1ados para ser accesibles y f\u00e1ciles de entender para todos, no solo para profesionales de la salud.<br>Abordamos desde c\u00f3mo mantener un coraz\u00f3n saludable hasta la prevenci\u00f3n y tratamiento de enfermedades card\u00edacas, explicando conceptos complejos de manera sencilla. Creemos que la educaci\u00f3n es clave para prevenir enfermedades card\u00edacas, y esperamos que nuestros libros sean \u00fatiles para mejorar la salud cardiovascular de cualquier persona interesada.<\/p><\/div><\/div>\n<\/div>\n<\/div>\n<\/div><\/div>\n\n\n\n<div class=\"wp-block-uagb-container uagb-block-80c9fb1a alignfull uagb-is-root-container\"><div class=\"uagb-container-inner-blocks-wrap\">\n<div class=\"wp-block-uagb-container uagb-block-81ca18c3\">\n<div class=\"wp-block-uagb-info-box uagb-block-00a2af25 uagb-infobox__content-wrap  uagb-infobox-icon-above-title uagb-infobox-image-valign-top\"><div class=\"uagb-ifb-content\"><div class=\"uagb-ifb-title-wrap\"><h2 class=\"uagb-ifb-title\">Mi Historia\u200b<\/h2><\/div><p class=\"uagb-ifb-desc\">Desde muy joven supe que quer\u00eda dedicar mi vida a cuidar el coraz\u00f3n, no solo como \u00f3rgano, sino como el centro que conecta salud y emociones. Soy el Dr. Jorge Eduardo Coss\u00edo Aranda, cardi\u00f3logo especializado en el Hospital \u00c1ngeles del Pedregal.<br><br>Cada paciente es para m\u00ed una historia \u00fanica, y por eso siempre busco ofrecer una atenci\u00f3n personalizada, que tome en cuenta no solo los s\u00edntomas, sino tambi\u00e9n sus circunstancias, miedos y esperanzas. Para m\u00ed, la medicina no es solo ciencia, sino tambi\u00e9n humanidad.<br><br>A lo largo de mi carrera, he visto c\u00f3mo un diagn\u00f3stico acertado y un buen tratamiento pueden cambiar vidas. Esa es la motivaci\u00f3n que me impulsa a seguir actualiz\u00e1ndome y dando lo mejor en cada consulta, porque s\u00e9 que detr\u00e1s de cada coraz\u00f3n hay una persona que merece lo mejor.<\/p><\/div><\/div>\n<\/div>\n\n\n\n<div class=\"wp-block-uagb-container uagb-block-1d60ac37\">\n<div class=\"wp-block-uagb-image uagb-block-1c4fad7b wp-block-uagb-image--layout-default wp-block-uagb-image--effect-static wp-block-uagb-image--align-none\"><figure class=\"wp-block-uagb-image__figure\"><img decoding=\"async\" srcset=\"https:\/\/drjorgecossio.mx\/home\/wp-content\/uploads\/2024\/07\/historia.jpg ,https:\/\/drjorgecossio.mx\/home\/wp-content\/uploads\/2024\/07\/historia.jpg 780w, https:\/\/drjorgecossio.mx\/home\/wp-content\/uploads\/2024\/07\/historia.jpg 360w\" sizes=\"auto, (max-width: 480px) 150px\" src=\"https:\/\/drjorgecossio.mx\/home\/wp-content\/uploads\/2024\/07\/historia.jpg\" alt=\"\" class=\"uag-image-1380\" width=\"500\" height=\"420\" title=\"historia\" loading=\"lazy\" role=\"img\"\/><\/figure><\/div>\n<\/div>\n<\/div><\/div>\n","protected":false},"excerpt":{"rendered":"<p>Perm\u00edtame ayudarle a tratar su enfermedad de una manera humana y profesional.\u200b As Featured In:\u200b<\/p>\n","protected":false},"author":1,"featured_media":0,"parent":0,"menu_order":0,"comment_status":"closed","ping_status":"closed","template":"","meta":{"_uag_custom_page_level_css":"","site-sidebar-layout":"no-sidebar","site-content-layout":"plain-container","ast-site-content-layout":"normal-width-container","site-content-style":"unboxed","site-sidebar-style":"unboxed","ast-global-header-display":"","ast-banner-title-visibility":"","ast-main-header-display":"","ast-hfb-above-header-display":"","ast-hfb-below-header-display":"","ast-hfb-mobile-header-display":"","site-post-title":"disabled","ast-breadcrumbs-content":"","ast-featured-img":"disabled","footer-sml-layout":"","ast-disable-related-posts":"","theme-transparent-header-meta":"default","adv-header-id-meta":"","stick-header-meta":"","header-above-stick-meta":"","header-main-stick-meta":"","header-below-stick-meta":"","astra-migrate-meta-layouts":"set","ast-page-background-enabled":"default","ast-page-background-meta":{"desktop":{"background-color":"","background-image":"","background-repeat":"repeat","background-position":"center center","background-size":"auto","background-attachment":"scroll","background-type":"","background-media":"","overlay-type":"","overlay-color":"","overlay-opacity":"","overlay-gradient":""},"tablet":{"background-color":"","background-image":"","background-repeat":"repeat","background-position":"center center","background-size":"auto","background-attachment":"scroll","background-type":"","background-media":"","overlay-type":"","overlay-color":"","overlay-opacity":"","overlay-gradient":""},"mobile":{"background-color":"","background-image":"","background-repeat":"repeat","background-position":"center center","background-size":"auto","background-attachment":"scroll","background-type":"","background-media":"","overlay-type":"","overlay-color":"","overlay-opacity":"","overlay-gradient":""}},"ast-content-background-meta":{"desktop":{"background-color":"var(--ast-global-color-5)","background-image":"","background-repeat":"repeat","background-position":"center center","background-size":"auto","background-attachment":"scroll","background-type":"","background-media":"","overlay-type":"","overlay-color":"","overlay-opacity":"","overlay-gradient":""},"tablet":{"background-color":"var(--ast-global-color-5)","background-image":"","background-repeat":"repeat","background-position":"center center","background-size":"auto","background-attachment":"scroll","background-type":"","background-media":"","overlay-type":"","overlay-color":"","overlay-opacity":"","overlay-gradient":""},"mobile":{"background-color":"var(--ast-global-color-5)","background-image":"","background-repeat":"repeat","background-position":"center center","background-size":"auto","background-attachment":"scroll","background-type":"","background-media":"","overlay-type":"","overlay-color":"","overlay-opacity":"","overlay-gradient":""}},"footnotes":""},"class_list":["post-389","page","type-page","status-publish","hentry"],"uagb_featured_image_src":{"full":false,"thumbnail":false,"medium":false,"medium_large":false,"large":false,"1536x1536":false,"2048x2048":false},"uagb_author_info":{"display_name":"admin","author_link":"https:\/\/drjorgecossio.mx\/home\/author\/adminsup\/"},"uagb_comment_info":0,"uagb_excerpt":"Perm\u00edtame ayudarle a tratar su enfermedad de una manera humana y profesional.\u200b As Featured In:\u200b","_links":{"self":[{"href":"https:\/\/drjorgecossio.mx\/home\/wp-json\/wp\/v2\/pages\/389","targetHints":{"allow":["GET"]}}],"collection":[{"href":"https:\/\/drjorgecossio.mx\/home\/wp-json\/wp\/v2\/pages"}],"about":[{"href":"https:\/\/drjorgecossio.mx\/home\/wp-json\/wp\/v2\/types\/page"}],"author":[{"embeddable":true,"href":"https:\/\/drjorgecossio.mx\/home\/wp-json\/wp\/v2\/users\/1"}],"replies":[{"embeddable":true,"href":"https:\/\/drjorgecossio.mx\/home\/wp-json\/wp\/v2\/comments?post=389"}],"version-history":[{"count":42,"href":"https:\/\/drjorgecossio.mx\/home\/wp-json\/wp\/v2\/pages\/389\/revisions"}],"predecessor-version":[{"id":1457,"href":"https:\/\/drjorgecossio.mx\/home\/wp-json\/wp\/v2\/pages\/389\/revisions\/1457"}],"wp:attachment":[{"href":"https:\/\/drjorgecossio.mx\/home\/wp-json\/wp\/v2\/media?parent=389"}],"curies":[{"name":"wp","href":"https:\/\/api.w.org\/{rel}","templated":true}]}}