{"id":395,"date":"2024-07-02T17:13:09","date_gmt":"2024-07-02T17:13:09","guid":{"rendered":"https:\/\/drjorgecossio.mx\/home\/index.php\/courses\/"},"modified":"2025-06-10T18:44:04","modified_gmt":"2025-06-10T18:44:04","slug":"courses","status":"publish","type":"page","link":"https:\/\/drjorgecossio.mx\/home\/courses\/","title":{"rendered":"Cursos"},"content":{"rendered":"\n<div class=\"wp-block-uagb-container uagb-block-67631224 alignfull uagb-is-root-container\"><div class=\"uagb-container-inner-blocks-wrap\">\n<div class=\"wp-block-uagb-advanced-heading uagb-block-67623225\"><h2 class=\"uagb-heading-text\">Mi formaci\u00f3n continua<\/h2><\/div>\n<\/div><\/div>\n\n\n\n<div class=\"wp-block-uagb-container uagb-block-12540546 alignfull uagb-is-root-container\"><div class=\"uagb-container-inner-blocks-wrap\">\n<div class=\"wp-block-uagb-container uagb-block-0e0e7559\">\n<div class=\"wp-block-uagb-advanced-heading uagb-block-e22295c2\"><h3 class=\"uagb-heading-text\"><strong>Cursos y aprendizajes recientes\u200b:<\/strong><\/h3><p class=\"uagb-desc-text\">Comparto contigo los cursos y capacitaciones que he tomado recientemente para ofrecer una atenci\u00f3n m\u00e9dica actualizada y de calidad.<\/p><\/div>\n\n\n\n<div class=\"wp-block-uagb-container uagb-block-8d2e8ead\">\n<div class=\"wp-block-uagb-container uagb-block-d3f3db8f\">\n<div class=\"wp-block-uagb-info-box uagb-block-4dd863d0 uagb-infobox__content-wrap  uagb-infobox-icon-above-title uagb-infobox-image-valign-top\"><div class=\"uagb-ifb-content\"><div class=\"uagb-ifb-image-content\"><img decoding=\"async\" src=\"https:\/\/drjorgecossio.mx\/home\/wp-content\/uploads\/2025\/06\/curso-1.png\" alt=\"\" width=\"\" height=\"0\" loading=\"lazy\"\/><\/div><div class=\"uagb-ifb-title-wrap\"><h3 class=\"uagb-ifb-title\"><strong>IA en el cuidado de la salud<\/strong><\/h3><\/div><p class=\"uagb-ifb-desc\">La inteligencia artificial es una herramienta poderosa que los m\u00e9dicos y muchos m\u00e1s, deber\u00edamos conocer a fondo.<\/p><\/div><\/div>\n<\/div>\n\n\n\n<div class=\"wp-block-uagb-container uagb-block-459ddfba\">\n<div class=\"wp-block-uagb-info-box uagb-block-82fe3f05 uagb-infobox__content-wrap  uagb-infobox-icon-above-title uagb-infobox-image-valign-top\"><div class=\"uagb-ifb-content\"><div class=\"uagb-ifb-image-content\"><img decoding=\"async\" src=\"https:\/\/drjorgecossio.mx\/home\/wp-content\/uploads\/2018\/02\/courses-05-free-img.jpg\" alt=\"\" width=\"\" height=\"0\" loading=\"lazy\"\/><\/div><div class=\"uagb-ifb-title-wrap\"><h3 class=\"uagb-ifb-title\">Excepteur Occaecat Cupida \u200b<\/h3><\/div><p class=\"uagb-ifb-desc\">Lorem ipsum dolor sit amet, consectetur adipisicing elit, sed do eiusmod tempor incididunt ut labore et dolore magna aliqua. Ut enim ad minim veniam, quis nostrud exercitation ullamco laboris.\u200b<\/p><\/div><\/div>\n<\/div>\n\n\n\n<div class=\"wp-block-uagb-container uagb-block-eed21047\">\n<div class=\"wp-block-uagb-info-box uagb-block-3e2d6139 uagb-infobox__content-wrap  uagb-infobox-icon-above-title uagb-infobox-image-valign-top\"><div class=\"uagb-ifb-content\"><div class=\"uagb-ifb-image-content\"><img decoding=\"async\" src=\"https:\/\/drjorgecossio.mx\/home\/wp-content\/uploads\/2019\/11\/person-using-macbook.jpg\" alt=\"\" width=\"\" height=\"0\" loading=\"lazy\"\/><\/div><div class=\"uagb-ifb-title-wrap\"><h3 class=\"uagb-ifb-title\">Totam Rem Aperiam Ipsa\u200b<\/h3><\/div><p class=\"uagb-ifb-desc\">Lorem ipsum dolor sit amet, consectetur adipisicing elit, sed do eiusmod tempor incididunt ut labore et dolore magna aliqua. Ut enim ad minim veniam, quis nostrud exercitation ullamco laboris.\u200b<\/p><\/div><\/div>\n<\/div>\n<\/div>\n\n\n\n<div class=\"wp-block-uagb-container uagb-block-92b7051a\">\n<div class=\"wp-block-uagb-container uagb-block-c0ea62ef\">\n<div class=\"wp-block-uagb-info-box uagb-block-73473974 uagb-infobox__content-wrap  uagb-infobox-icon-above-title uagb-infobox-image-valign-top\"><div class=\"uagb-ifb-content\"><div class=\"uagb-ifb-image-content\"><img decoding=\"async\" src=\"https:\/\/drjorgecossio.mx\/home\/wp-content\/uploads\/2019\/11\/apple-laptop-notebook.jpg\" alt=\"\" width=\"\" height=\"0\" loading=\"lazy\"\/><\/div><div class=\"uagb-ifb-title-wrap\"><h3 class=\"uagb-ifb-title\">Nemo Enim Ipsam Voluptate\u200b<\/h3><\/div><p class=\"uagb-ifb-desc\">Lorem ipsum dolor sit amet, consectetur adipisicing elit, sed do eiusmod tempor incididunt ut labore et dolore magna aliqua. Ut enim ad minim veniam, quis nostrud exercitation ullamco laboris.\u200b<\/p><\/div><\/div>\n<\/div>\n\n\n\n<div class=\"wp-block-uagb-container uagb-block-7cb7c32c\">\n<div class=\"wp-block-uagb-info-box uagb-block-f3ba3955 uagb-infobox__content-wrap  uagb-infobox-icon-above-title uagb-infobox-image-valign-top\"><div class=\"uagb-ifb-content\"><div class=\"uagb-ifb-image-content\"><img decoding=\"async\" src=\"https:\/\/drjorgecossio.mx\/home\/wp-content\/uploads\/2018\/02\/courses-02-free-img.jpg\" alt=\"\" width=\"\" height=\"0\" loading=\"lazy\"\/><\/div><div class=\"uagb-ifb-title-wrap\"><h3 class=\"uagb-ifb-title\">Dolore Magnam Aliquam\u200b<\/h3><\/div><p class=\"uagb-ifb-desc\">Lorem ipsum dolor sit amet, consectetur adipisicing elit, sed do eiusmod tempor incididunt ut labore et dolore magna aliqua. Ut enim ad minim veniam, quis nostrud exercitation ullamco laboris.\u200b<\/p><\/div><\/div>\n<\/div>\n\n\n\n<div class=\"wp-block-uagb-container uagb-block-db8f4765\">\n<div class=\"wp-block-uagb-info-box uagb-block-d6cee829 uagb-infobox__content-wrap  uagb-infobox-icon-above-title uagb-infobox-image-valign-top\"><div class=\"uagb-ifb-content\"><div class=\"uagb-ifb-image-content\"><img decoding=\"async\" src=\"https:\/\/drjorgecossio.mx\/home\/wp-content\/uploads\/2018\/02\/courses-01-free-img.jpg\" alt=\"\" width=\"\" height=\"0\" loading=\"lazy\"\/><\/div><div class=\"uagb-ifb-title-wrap\"><h3 class=\"uagb-ifb-title\">Tempora Incidunt Labore\u200b<\/h3><\/div><p class=\"uagb-ifb-desc\">Lorem ipsum dolor sit amet, consectetur adipisicing elit, sed do eiusmod tempor incididunt ut labore et dolore magna aliqua. Ut enim ad minim veniam, quis nostrud exercitation ullamco laboris.\u200b<\/p><\/div><\/div>\n<\/div>\n<\/div>\n<\/div>\n<\/div><\/div>\n","protected":false},"excerpt":{"rendered":"<p>Mi formaci\u00f3n continua Cursos y aprendizajes recientes\u200b: Comparto contigo los cursos y capacitaciones que he tomado recientemente para ofrecer una atenci\u00f3n m\u00e9dica actualizada y de calidad.<\/p>\n","protected":false},"author":1,"featured_media":0,"parent":0,"menu_order":0,"comment_status":"closed","ping_status":"closed","template":"","meta":{"_uag_custom_page_level_css":"","site-sidebar-layout":"no-sidebar","site-content-layout":"plain-container","ast-site-content-layout":"normal-width-container","site-content-style":"unboxed","site-sidebar-style":"unboxed","ast-global-header-display":"","ast-banner-title-visibility":"","ast-main-header-display":"","ast-hfb-above-header-display":"","ast-hfb-below-header-display":"","ast-hfb-mobile-header-display":"","site-post-title":"disabled","ast-breadcrumbs-content":"","ast-featured-img":"disabled","footer-sml-layout":"","ast-disable-related-posts":"","theme-transparent-header-meta":"default","adv-header-id-meta":"","stick-header-meta":"","header-above-stick-meta":"","header-main-stick-meta":"","header-below-stick-meta":"","astra-migrate-meta-layouts":"set","ast-page-background-enabled":"default","ast-page-background-meta":{"desktop":{"background-color":"","background-image":"","background-repeat":"repeat","background-position":"center center","background-size":"auto","background-attachment":"scroll","background-type":"","background-media":"","overlay-type":"","overlay-color":"","overlay-opacity":"","overlay-gradient":""},"tablet":{"background-color":"","background-image":"","background-repeat":"repeat","background-position":"center center","background-size":"auto","background-attachment":"scroll","background-type":"","background-media":"","overlay-type":"","overlay-color":"","overlay-opacity":"","overlay-gradient":""},"mobile":{"background-color":"","background-image":"","background-repeat":"repeat","background-position":"center center","background-size":"auto","background-attachment":"scroll","background-type":"","background-media":"","overlay-type":"","overlay-color":"","overlay-opacity":"","overlay-gradient":""}},"ast-content-background-meta":{"desktop":{"background-color":"var(--ast-global-color-5)","background-image":"","background-repeat":"repeat","background-position":"center center","background-size":"auto","background-attachment":"scroll","background-type":"","background-media":"","overlay-type":"","overlay-color":"","overlay-opacity":"","overlay-gradient":""},"tablet":{"background-color":"var(--ast-global-color-5)","background-image":"","background-repeat":"repeat","background-position":"center center","background-size":"auto","background-attachment":"scroll","background-type":"","background-media":"","overlay-type":"","overlay-color":"","overlay-opacity":"","overlay-gradient":""},"mobile":{"background-color":"var(--ast-global-color-5)","background-image":"","background-repeat":"repeat","background-position":"center center","background-size":"auto","background-attachment":"scroll","background-type":"","background-media":"","overlay-type":"","overlay-color":"","overlay-opacity":"","overlay-gradient":""}},"footnotes":""},"class_list":["post-395","page","type-page","status-publish","hentry"],"uagb_featured_image_src":{"full":false,"thumbnail":false,"medium":false,"medium_large":false,"large":false,"1536x1536":false,"2048x2048":false},"uagb_author_info":{"display_name":"admin","author_link":"https:\/\/drjorgecossio.mx\/home\/author\/adminsup\/"},"uagb_comment_info":0,"uagb_excerpt":"Mi formaci\u00f3n continua Cursos y aprendizajes recientes\u200b: Comparto contigo los cursos y capacitaciones que he tomado recientemente para ofrecer una atenci\u00f3n m\u00e9dica actualizada y de calidad.","_links":{"self":[{"href":"https:\/\/drjorgecossio.mx\/home\/wp-json\/wp\/v2\/pages\/395","targetHints":{"allow":["GET"]}}],"collection":[{"href":"https:\/\/drjorgecossio.mx\/home\/wp-json\/wp\/v2\/pages"}],"about":[{"href":"https:\/\/drjorgecossio.mx\/home\/wp-json\/wp\/v2\/types\/page"}],"author":[{"embeddable":true,"href":"https:\/\/drjorgecossio.mx\/home\/wp-json\/wp\/v2\/users\/1"}],"replies":[{"embeddable":true,"href":"https:\/\/drjorgecossio.mx\/home\/wp-json\/wp\/v2\/comments?post=395"}],"version-history":[{"count":3,"href":"https:\/\/drjorgecossio.mx\/home\/wp-json\/wp\/v2\/pages\/395\/revisions"}],"predecessor-version":[{"id":1428,"href":"https:\/\/drjorgecossio.mx\/home\/wp-json\/wp\/v2\/pages\/395\/revisions\/1428"}],"wp:attachment":[{"href":"https:\/\/drjorgecossio.mx\/home\/wp-json\/wp\/v2\/media?parent=395"}],"curies":[{"name":"wp","href":"https:\/\/api.w.org\/{rel}","templated":true}]}}